{"id":7,"date":"2020-09-04T14:14:26","date_gmt":"2020-09-04T14:14:26","guid":{"rendered":"https:\/\/www.swaytheme.com\/beauty-salon\/?page_id=5"},"modified":"2025-08-11T09:13:34","modified_gmt":"2025-08-11T07:13:34","slug":"home-beauty-salon","status":"publish","type":"page","link":"https:\/\/esthegyn.com\/expertise\/","title":{"rendered":"Strona g\u0142\u00f3wna"},"content":{"rendered":"<p>[vc_row full_width=&#8221;stretch_row&#8221; kd_background_image_position=&#8221;vc_row-bg-position-center&#8221; kd_bottom_separator_style=&#8221;waves&#8221; kd_bottom_separator_height=&#8221;separator-height-large&#8221; kd_bottom_separator=&#8221;true&#8221; css=&#8221;.vc_custom_1749563071064{margin-top: 100px !important;padding-top: 120px !important;padding-bottom: 250px !important;background: #faefed url(https:\/\/esthegyn.com\/expertise\/wp-content\/uploads\/2025\/06\/main.jpg?id=9992) !important;background-position: 0 0 !important;background-repeat: no-repeat !important;}&#8221; css_mobile=&#8221;.vc_custom_1749563071067{margin-top: -94px !important;padding-top: 0px !important;padding-bottom: 100px !important;}&#8221; css_tablet_portrait=&#8221;.vc_custom_1749563071066{margin-top: 0px !important;padding-top: 60px !important;padding-bottom: 160px !important;}&#8221; css_tablet_landscape=&#8221;.vc_custom_1749563071065{margin-top: 50px !important;}&#8221;][vc_column width=&#8221;5\/6&#8243;][vc_row_inner kd_background_image_position=&#8221;vc_row-bg-position-top&#8221;][vc_column_inner css=&#8221;.vc_custom_1600787339354{margin-left: 0px !important;padding-top: 30px !important;padding-right: 0px !important;padding-left: 0px !important;}&#8221; css_mobile=&#8221;.vc_custom_1600787339356{padding-top: 100px !important;}&#8221; css_tablet_portrait=&#8221;.vc_custom_1600787339355{padding-top: 0px !important;}&#8221; css_tablet_landscape=&#8221;.vc_custom_1600787339355{padding-top: 50px !important;}&#8221; offset=&#8221;vc_col-lg-12 vc_col-md-9&#8243;]<header class=\"kd-section-title col-lg-12 text-left  subtitle-above-title kd-animated fadeIn   vc_custom_1749543364903\" data-animation-delay=200><h6 class=\"subtitle\" style=\"color: #000000;font-size:16px;\">Ginekologii plastycznej nie nauczymy si\u0119 w trakcie specjalizacji na rezydenturze.<\/h6><h5 class=\"separator_off\" style=\"margin-bottom:30px;\">Afiliacja Polskiego Towarzystwa Ginekologii Plastycznej<\/h5><\/header><header class=\"kd-section-title col-lg-12 text-left  subtitle-below-title kd-animated fadeIn   vc_custom_1638449259972\" data-animation-delay=200><h1 class=\"separator_off\" style=\"color: #0a0a0a;font-size: 72px;line-height: 80px;margin-bottom:30px;\">Szkolenia z ginekologii<br \/>\nplastycznej i estetycznej<\/h1><h6 class=\"subtitle\" style=\"color: #0a0a0a;font-size:16px;\">Wiedza i umiej\u0119tno\u015bci w zakresu zabieg\u00f3w chirurgicznych, obejmuj\u0105ca dzia\u0142anie urz\u0105dze\u0144 opartych o energi\u0119 (EBD),<br \/>\nkwasy hialuronowe, kolagen, terapie autologiczne, liposukcje, transfery t\u0142uszczu, nici liftinguj\u0105ce<br \/>\n<b>to wszystko przekazywane w trakcie wyk\u0142ad\u00f3w i zabieg\u00f3w hands-on.<\/b><\/h6><\/header><a  href=\"https:\/\/esthegyn.com\/expertise\/szkolenia\"  target=\"_self\"  title=\"\"  class=\"tt_button tt_primary_button btn_primary_color  btn-align-left button-action-link icon_right  vc_custom_1657117236627 kd-animated zoomIn\" data-animation-delay=200><span class=\"prim_text\">Poznaj szkolenia<\/span><span class=\"fas fa-chevron-right iconita\" ><\/span><\/a><a  href=\"https:\/\/www.youtube.com\/playlist?list=PLiN5Wr1xfNWOJHY7SarLOLTc0Ana2SP2F\"  target=\"_blank\"  title=\"\"  class=\"tt_button tt_primary_button btn_secondary_color  btn-align-left button-action-link icon_right  vc_custom_1638450534197 kd-animated zoomIn\" data-animation-delay=200><span class=\"prim_text\">Zobacz filmy z zabieg\u00f3w<\/span><span class=\"far fa-caret-square-right iconita\" ><\/span><\/a><a  href=\"tel:+48692425515\"  target=\"_blank\"  title=\"692 425 515\"  class=\"tt_button tt_primary_button btn_secondary_color  btn-align-left button-action-link icon_right  vc_custom_1702910241933 kd-animated zoomIn\" data-animation-delay=200><span class=\"prim_text\">Zadzwo\u0144: +48 692 425 515<\/span><span class=\"fas fa-phone-volume iconita\" ><\/span><\/a><a   class=\"tt_button tt_primary_button btn_primary_color hover_solid_white btn-align-left panel-trigger-btn icon_right  kd-animated zoomIn no-border\" data-animation-delay=200><span class=\"prim_text\">Zapisz si\u0119 na szkolenie<\/span><span class=\"far fa-calendar-check iconita\" style=\"font-size:13px;\"><\/span><\/a>[\/vc_column_inner][\/vc_row_inner][\/vc_column][vc_column width=&#8221;1\/6&#8243;][\/vc_column][\/vc_row][vc_row kd_background_image_position=&#8221;vc_row-bg-position-top&#8221; css=&#8221;.vc_custom_1599575944730{margin-bottom: 20px !important;}&#8221;][vc_column width=&#8221;1\/2&#8243; css=&#8221;.vc_custom_1638954531996{padding-right: 40px !important;padding-left: 0px !important;}&#8221; css_mobile=&#8221;.vc_custom_1638954531999{padding-right: 0px !important;padding-left: 0px !important;}&#8221;]<div class=\"photo-gallery-wrapper  slider-layout kd-photo-gallery-69dfe33796f0b nav-arrows\">\r\n              <div class=\"gallery-items\"><div class=\"pg-child-image\" ><img loading=\"lazy\" decoding=\"async\" width=\"1332\" height=\"853\" src=\"https:\/\/esthegyn.com\/expertise\/wp-content\/uploads\/2021\/12\/estexp.jpg\" class=\"attachment-full\" alt=\"\" srcset=\"https:\/\/esthegyn.com\/expertise\/wp-content\/uploads\/2021\/12\/estexp.jpg 1332w, https:\/\/esthegyn.com\/expertise\/wp-content\/uploads\/2021\/12\/estexp-800x512.jpg 800w, https:\/\/esthegyn.com\/expertise\/wp-content\/uploads\/2021\/12\/estexp-300x192.jpg 300w, https:\/\/esthegyn.com\/expertise\/wp-content\/uploads\/2021\/12\/estexp-1024x656.jpg 1024w, https:\/\/esthegyn.com\/expertise\/wp-content\/uploads\/2021\/12\/estexp-768x492.jpg 768w\" sizes=\"auto, (max-width: 1332px) 100vw, 1332px\" \/><\/div><div class=\"pg-child-image\" ><img loading=\"lazy\" decoding=\"async\" width=\"640\" height=\"427\" src=\"https:\/\/esthegyn.com\/expertise\/wp-content\/uploads\/2021\/12\/82.jpg\" class=\"attachment-full\" alt=\"\" srcset=\"https:\/\/esthegyn.com\/expertise\/wp-content\/uploads\/2021\/12\/82.jpg 640w, https:\/\/esthegyn.com\/expertise\/wp-content\/uploads\/2021\/12\/82-300x200.jpg 300w\" sizes=\"auto, (max-width: 640px) 100vw, 640px\" \/><\/div><div class=\"pg-child-image\" ><img loading=\"lazy\" decoding=\"async\" width=\"640\" height=\"427\" src=\"https:\/\/esthegyn.com\/expertise\/wp-content\/uploads\/2021\/12\/78.jpg\" class=\"attachment-full\" alt=\"\" srcset=\"https:\/\/esthegyn.com\/expertise\/wp-content\/uploads\/2021\/12\/78.jpg 640w, https:\/\/esthegyn.com\/expertise\/wp-content\/uploads\/2021\/12\/78-300x200.jpg 300w\" sizes=\"auto, (max-width: 640px) 100vw, 640px\" \/><\/div><div class=\"pg-child-image\" ><img loading=\"lazy\" decoding=\"async\" width=\"1920\" height=\"1281\" src=\"https:\/\/esthegyn.com\/expertise\/wp-content\/uploads\/2021\/11\/esthegyn.jpg\" class=\"attachment-full\" alt=\"\" srcset=\"https:\/\/esthegyn.com\/expertise\/wp-content\/uploads\/2021\/11\/esthegyn.jpg 1920w, https:\/\/esthegyn.com\/expertise\/wp-content\/uploads\/2021\/11\/esthegyn-800x534.jpg 800w, https:\/\/esthegyn.com\/expertise\/wp-content\/uploads\/2021\/11\/esthegyn-300x200.jpg 300w, https:\/\/esthegyn.com\/expertise\/wp-content\/uploads\/2021\/11\/esthegyn-1024x683.jpg 1024w, https:\/\/esthegyn.com\/expertise\/wp-content\/uploads\/2021\/11\/esthegyn-768x512.jpg 768w, https:\/\/esthegyn.com\/expertise\/wp-content\/uploads\/2021\/11\/esthegyn-1536x1025.jpg 1536w\" sizes=\"auto, (max-width: 1920px) 100vw, 1920px\" \/><\/div><div class=\"pg-child-image\" ><img loading=\"lazy\" decoding=\"async\" width=\"1024\" height=\"576\" src=\"https:\/\/esthegyn.com\/expertise\/wp-content\/uploads\/2021\/12\/zabieg1.jpeg\" class=\"attachment-full\" alt=\"\" srcset=\"https:\/\/esthegyn.com\/expertise\/wp-content\/uploads\/2021\/12\/zabieg1.jpeg 1024w, https:\/\/esthegyn.com\/expertise\/wp-content\/uploads\/2021\/12\/zabieg1-800x450.jpeg 800w, https:\/\/esthegyn.com\/expertise\/wp-content\/uploads\/2021\/12\/zabieg1-300x169.jpeg 300w, https:\/\/esthegyn.com\/expertise\/wp-content\/uploads\/2021\/12\/zabieg1-768x432.jpeg 768w\" sizes=\"auto, (max-width: 1024px) 100vw, 1024px\" \/><\/div><div class=\"pg-child-image\" ><img loading=\"lazy\" decoding=\"async\" width=\"1024\" height=\"576\" src=\"https:\/\/esthegyn.com\/expertise\/wp-content\/uploads\/2021\/12\/zabieg2.jpeg\" class=\"attachment-full\" alt=\"\" srcset=\"https:\/\/esthegyn.com\/expertise\/wp-content\/uploads\/2021\/12\/zabieg2.jpeg 1024w, https:\/\/esthegyn.com\/expertise\/wp-content\/uploads\/2021\/12\/zabieg2-800x450.jpeg 800w, https:\/\/esthegyn.com\/expertise\/wp-content\/uploads\/2021\/12\/zabieg2-300x169.jpeg 300w, https:\/\/esthegyn.com\/expertise\/wp-content\/uploads\/2021\/12\/zabieg2-768x432.jpeg 768w\" sizes=\"auto, (max-width: 1024px) 100vw, 1024px\" \/><\/div><div class=\"pg-child-image\" ><img loading=\"lazy\" decoding=\"async\" width=\"1024\" height=\"576\" src=\"https:\/\/esthegyn.com\/expertise\/wp-content\/uploads\/2021\/12\/zabieg3.jpeg\" class=\"attachment-full\" alt=\"\" srcset=\"https:\/\/esthegyn.com\/expertise\/wp-content\/uploads\/2021\/12\/zabieg3.jpeg 1024w, https:\/\/esthegyn.com\/expertise\/wp-content\/uploads\/2021\/12\/zabieg3-800x450.jpeg 800w, https:\/\/esthegyn.com\/expertise\/wp-content\/uploads\/2021\/12\/zabieg3-300x169.jpeg 300w, https:\/\/esthegyn.com\/expertise\/wp-content\/uploads\/2021\/12\/zabieg3-768x432.jpeg 768w\" sizes=\"auto, (max-width: 1024px) 100vw, 1024px\" \/><\/div><\/div>\r\n            <\/div><script>\r\n              jQuery(document).ready(function($){\r\n                if ($(\".kd-photo-gallery-69dfe33796f0b .gallery-items\").length) {\r\n                  $(\".kd-photo-gallery-69dfe33796f0b .gallery-items\").owlCarousel({\r\n                    stageClass: \"owl-wrapper\",\r\n                    stageOuterClass: \"owl-wrapper-outer\",\r\n                    loadedClass: \"owl-carousel\",\r\n                    items: 1,\r\n                    rewind: true,\r\n                    responsive:{\r\n                        0:{\r\n                            dots: false,\r\n                            nav: true,\r\n                            navSpeed: 500,\r\n                        },\r\n                        1366:{\nnav: true,\r\n                                navSpeed: 500,\r\n                                dots: false,}\r\n                    },\nloop: true,\nautoplay: true,\nautoplayTimeout: 3000,\nautoplayHoverPause: false,\r\n                    addClassActive: true,\r\n                  });\r\n                }\r\n              });\r\n            <\/script>[\/vc_column][vc_column width=&#8221;1\/2&#8243; css=&#8221;.vc_custom_1638954459397{padding-right: 0px !important;padding-left: 20px !important;}&#8221; css_mobile=&#8221;.vc_custom_1638954459401{padding-right: 0px !important;padding-left: 0px !important;}&#8221;]<header class=\"kd-section-title col-lg-12 text-left  subtitle-below-title kd-animated fadeIn   vc_custom_1637834023918\" data-animation-delay=200><h2 class=\"separator_off\" style=\"margin-bottom:30px;\">dr n. med.<br \/>\nPiotr Kolczewski<\/h2><h6 class=\"subtitle\" style=\"color: #000000;\">Ginekolog plastyczny. Absolwent Pomorskiej Akademii Medycznej, Wiceprezes Polskiego Towarzystwa Ginekologii Plastycznej i Rekonstrukcyjnej. Ordynator oddzia\u0142u Oddzia\u0142u Ginekologii i Po\u0142o\u017cnictwa 109 szpitala Wojskowego w Szczecinie w latach 2010-2014. W latach 2014-2019 asystent oddzia\u0142u Ginekologii Operacyjnej i Onkologicznej Pomorskiego Uniwersytetu Medycznego.<\/p>\n<p>Od ponad 20 lat zajmuje si\u0119 leczeniem operacyjnym w zakresie szeroko poj\u0119tej ginekologii operacyjnej.<\/h6><\/header><a  href=\"https:\/\/esthegyn.com\/expertise\/o-mnie\/\"  target=\"_self\"  title=\"\"  class=\"tt_button tt_primary_button btn_primary_color  btn-align-left button-action-link icon_right  kd-animated zoomIn\" data-animation-delay=200><span class=\"prim_text\">O mnie<\/span><span class=\"fas fa-chevron-right iconita\" ><\/span><\/a>[\/vc_column][\/vc_row][vc_row kd_background_image_position=&#8221;vc_row-bg-position-top&#8221; css=&#8221;.vc_custom_1638992506819{padding-top: 60px !important;}&#8221;][vc_column width=&#8221;1\/3&#8243; css_mobile=&#8221;.vc_custom_1600787532238{margin-bottom: 50px !important;}&#8221;]<header class=\"kd-section-title col-lg-12 text-left  subtitle-above-title kd-animated fadeIn   vc_custom_1637831047729\" data-animation-delay=200><h6 class=\"subtitle\" style=\"color: #df8ba3;font-size:18px;\">Poznaj<\/h6><h4 class=\"separator_off\" >Szkolenia<\/h4><\/header>[vc_column_text css_animation=&#8221;fadeInUp&#8221; css=&#8221;.vc_custom_1637831750964{padding-right: 50px !important;}&#8221;]Oferowane kursy z ginekologii plastycznej\/estetycznej to wiedza obejmuj\u0105ca dzia\u0142anie urz\u0105dze\u0144 opartych o energi\u0119 (EBD), kwasy hialuronowe, kolagen, terapie autologiczne, liposukcje, transfery t\u0142uszczu, nici liftinguj\u0105ce to wszystko przekazywane w trakcie wyk\u0142ad\u00f3w i zabieg\u00f3w hands-on.[\/vc_column_text][vc_empty_space]<a  href=\"https:\/\/esthegyn.com\/expertise\/szkolenia\"  target=\"_self\"  title=\"\"  class=\"tt_button tt_primary_button btn_primary_color  btn-align-left button-action-link icon_right  kd-animated fadeInUp\" data-animation-delay=200><span class=\"prim_text\">Szkolenia<\/span><span class=\"fas fa-chevron-right iconita\" ><\/span><\/a>[\/vc_column][vc_column width=&#8221;1\/3&#8243; css_mobile=&#8221;.vc_custom_1600787536658{margin-bottom: 50px !important;}&#8221;]<header class=\"kd-section-title col-lg-12 text-left  subtitle-above-title kd-animated fadeIn   vc_custom_1637831110724\" data-animation-delay=200><h6 class=\"subtitle\" style=\"color: #df8ba3;font-size:18px;\">01<\/h6><h4 class=\"separator_off\" >Modu\u0142 niechirurgiczny<\/h4><\/header>[vc_column_text css_animation=&#8221;fadeInUp&#8221; css=&#8221;.vc_custom_1637831125595{padding-right: 50px !important;}&#8221;]Cz\u0119\u015b\u0107 teoretyczna w formie wyk\u0142ad\u00f3w i praktyczna praca z pacjentem.[\/vc_column_text][vc_column_text css_animation=&#8221;fadeInUp&#8221; css=&#8221;.vc_custom_1638990578224{margin-top: 35px !important;}&#8221;]<\/p>\n<ul>\n<li style=\"line-height: 30px;\"><strong><a href=\"#\">Anatomia dla ginekolog\u00f3w plastycznych<\/a><\/strong><\/li>\n<li style=\"line-height: 30px;\"><strong><a href=\"#\">Lasery<\/a><\/strong><\/li>\n<li style=\"line-height: 30px;\"><strong><a href=\"#\">HIFU<\/a><\/strong><\/li>\n<li style=\"line-height: 30px;\"><strong><a href=\"#\">RF<\/a><\/strong><\/li>\n<li style=\"line-height: 30px;\"><strong><a href=\"#\">Kwasy hialuronowe<\/a><\/strong><\/li>\n<li style=\"line-height: 30px;\"><strong><a href=\"#\">Kolagen <\/a><\/strong><\/li>\n<li style=\"line-height: 30px;\"><strong><a href=\"#\">Terapie autologiczne (PRF, PRP)<\/a><\/strong><\/li>\n<li style=\"line-height: 30px;\"><strong><a href=\"#\">G-spot<\/a><\/strong><\/li>\n<li style=\"line-height: 30px;\"><strong><a href=\"#\">O-shot<\/a><\/strong><\/li>\n<li style=\"line-height: 30px;\"><strong><a href=\"#\">Nici liftinguj\u0105ce<\/a><\/strong><\/li>\n<\/ul>\n<p>[\/vc_column_text][\/vc_column][vc_column width=&#8221;1\/3&#8243; css_tablet_portrait=&#8221;.vc_custom_1600787588733{padding-right: 0px !important;}&#8221;]<header class=\"kd-section-title col-lg-12 text-left  subtitle-above-title kd-animated fadeIn   vc_custom_1637831134623\" data-animation-delay=200><h6 class=\"subtitle\" style=\"color: #df8ba3;font-size:18px;\">02<\/h6><h4 class=\"separator_off\" >Modu\u0142 chirurgiczny<\/h4><\/header>[vc_column_text css_animation=&#8221;fadeInUp&#8221; css=&#8221;.vc_custom_1637831145412{padding-right: 50px !important;}&#8221;]Cz\u0119\u015b\u0107 teoretyczna w formie wyk\u0142ad\u00f3w i praktyczna praca z pacjentem.[\/vc_column_text][vc_column_text css_animation=&#8221;fadeInUp&#8221; css=&#8221;.vc_custom_1637831459012{margin-top: 35px !important;}&#8221;]<\/p>\n<ul>\n<li style=\"line-height: 30px;\"><strong><a href=\"#\">Anatomia dla ginekolog\u00f3w plastycznych<\/a><\/strong><\/li>\n<li style=\"line-height: 30px;\"><strong><a href=\"#\">Labiominoroplastyka<\/a><\/strong><\/li>\n<li style=\"line-height: 30px;\"><strong><a href=\"#\">Labiomajoroplastyka<\/a><\/strong><\/li>\n<li style=\"line-height: 30px;\"><strong><a href=\"#\">Vaginoplastyka<\/a><\/strong><\/li>\n<li style=\"line-height: 30px;\"><strong><a href=\"#\">Transfer t\u0142uszczu do warg sromowych wi\u0119kszych<\/a><\/strong><\/li>\n<li style=\"line-height: 30px;\"><strong><a href=\"#\">Plastyka napletka \u0142echtaczki<\/a><\/strong><\/li>\n<li style=\"line-height: 30px;\"><strong><a href=\"#\">Przygotowanie do zabieg\u00f3w w ginekologii plastycznej<\/a><\/strong><\/li>\n<li style=\"line-height: 30px;\"><strong><a href=\"#\">Post\u0119powanie pooperacyjne<\/a><\/strong><\/li>\n<li style=\"line-height: 30px;\"><strong><a href=\"#\">Post\u0119powanie z trudno goj\u0105ca si\u0119 ran\u0105<\/a><\/strong><\/li>\n<li style=\"line-height: 30px;\"><strong><a href=\"#\">Materia\u0142y szewne<\/a><\/strong><\/li>\n<li style=\"line-height: 30px;\"><strong><a href=\"#\">Zastosowanie Lasera CO2 i No\u017ca RF w chirurgii<\/a><\/strong><\/li>\n<\/ul>\n<p>[\/vc_column_text][\/vc_column][\/vc_row][vc_row full_width=&#8221;stretch_row&#8221; kd_background_image_position=&#8221;vc_row-bg-position-top&#8221; kd_background_overlay=&#8221;true&#8221;][vc_column][vc_row_inner content_placement=&#8221;middle&#8221; kd_background_image_position=&#8221;vc_row-bg-position-top&#8221; css=&#8221;.vc_custom_1602849411487{padding-top: 100px !important;padding-bottom: 100px !important;}&#8221;][vc_column_inner width=&#8221;2\/3&#8243; css=&#8221;.vc_custom_1606222627527{padding-right: 30px !important;padding-bottom: 10px !important;padding-left: 0px !important;}&#8221; offset=&#8221;vc_col-lg-offset-0 vc_col-lg-6 vc_col-md-offset-2 vc_col-md-8 vc_col-sm-offset-2&#8243; css_tablet_landscape=&#8221;.vc_custom_1606222627528{padding-right: 0px !important;}&#8221; css_tablet_portrait=&#8221;.vc_custom_1606222627528{padding-right: 15px !important;padding-left: 15px !important;}&#8221; css_mobile=&#8221;.vc_custom_1606222627529{padding-right: 15px !important;padding-left: 15px !important;}&#8221;]<header class=\"kd-section-title col-lg-12 text-left  subtitle-below-title kd-animated fadeIn   vc_custom_1638450334121\" data-animation-delay=200><h2 class=\"separator_off\" style=\"margin-bottom:30px;\">Filmy z zabieg\u00f3w ginekologii<br \/>\nplastycznej i estetycznej<\/h2><h6 class=\"subtitle\" style=\"color: #7a7d8c;\">Znajdziecie tu Pa\u0144stwo filmy video dotycz\u0105ce zabieg\u00f3w i operacji przeprowadzanych w EstheGyn. Zapraszamy do zapoznania si\u0119 z materia\u0142ami, co pozwoli na lepsze zrozumienie zakresu oferowanych szkole\u0144.<\/h6><\/header><a  href=\"https:\/\/www.youtube.com\/playlist?list=PLiN5Wr1xfNWOJHY7SarLOLTc0Ana2SP2F\"  target=\"_blank\"  title=\"\"  class=\"tt_button tt_primary_button btn_primary_color  btn-align-left button-action-link icon_right  kd-animated zoomIn\" data-animation-delay=200><span class=\"prim_text\">Zobacz filmy<\/span><span class=\"fas fa-chevron-right iconita\" style=\"font-size:12px;\"><\/span><\/a>[\/vc_column_inner][vc_column_inner css=&#8221;.vc_custom_1599050763930{padding-right: 0px !important;padding-left: 100px !important;}&#8221; offset=&#8221;vc_col-lg-6&#8243; css_tablet_landscape=&#8221;.vc_custom_1599050763933{padding-top: 80px !important;padding-right: 15px !important;padding-left: 15px !important;}&#8221; css_tablet_portrait=&#8221;.vc_custom_1599050763934{padding-top: 80px !important;padding-right: 15px !important;padding-left: 15px !important;}&#8221; css_mobile=&#8221;.vc_custom_1599050763935{padding-top: 50px !important;padding-right: 15px !important;padding-left: 15px !important;}&#8221;]<div class=\"video-container play-button-center big-video-btn   kd-animated fadeIn\" data-animation-delay=200><img loading=\"lazy\" decoding=\"async\" width=\"1920\" height=\"1281\" src=\"https:\/\/esthegyn.com\/expertise\/wp-content\/uploads\/2021\/11\/esthegyn.jpg\" class=\"attachment-full\" alt=\"\" srcset=\"https:\/\/esthegyn.com\/expertise\/wp-content\/uploads\/2021\/11\/esthegyn.jpg 1920w, https:\/\/esthegyn.com\/expertise\/wp-content\/uploads\/2021\/11\/esthegyn-800x534.jpg 800w, https:\/\/esthegyn.com\/expertise\/wp-content\/uploads\/2021\/11\/esthegyn-300x200.jpg 300w, https:\/\/esthegyn.com\/expertise\/wp-content\/uploads\/2021\/11\/esthegyn-1024x683.jpg 1024w, https:\/\/esthegyn.com\/expertise\/wp-content\/uploads\/2021\/11\/esthegyn-768x512.jpg 768w, https:\/\/esthegyn.com\/expertise\/wp-content\/uploads\/2021\/11\/esthegyn-1536x1025.jpg 1536w\" sizes=\"auto, (max-width: 1920px) 100vw, 1920px\" \/><a data-toggle=\"modal\" data-target=\"#video-modal-kd-video-modal-69dfe33798149\" data-src=\"\" data-backdrop=\"true\" class=\" \"><span class=\"play-video\"><span class=\"sway-play\"><\/span><\/span><\/a><\/div><div class=\"modal fade video-modal\" id=\"video-modal-kd-video-modal-69dfe33798149\" role=\"dialog\">\r\n                            <div class=\"modal-content\">\r\n                            <button type=\"button\" class=\"close\" data-dismiss=\"modal\">\u00d7<\/button>\r\n                            <div class=\"row\"><video class=\"video-modal-local\" title=\"\" poster=\"\" height=\"600\" controls>\r\n                              <source src=\"https:\/\/esthegyn.com\/expertise\/wp-content\/uploads\/2021\/12\/video.mp4\" type=\"video\/mp4\"><source src=\"https:\/\/esthegyn.com\/expertise\/wp-content\/uploads\/2021\/12\/video.ogg\" type=\"video\/ogg\"><source src=\"https:\/\/esthegyn.com\/expertise\/wp-content\/uploads\/2021\/12\/video.webm\" type=\"video\/webm\"><img decoding=\"async\" alt=\"\" src=\"\" title=\"Video playback is not supported by your browser\" \/>\r\n                              <\/video><\/div>\r\n                            <\/div>\r\n                        <\/div><div class=\"kd-shapes shape_dots with-parallax kd-animated zoomIn\" style=\"right: -76px;bottom: 30px;width: 172px;height: 173px;\" data-parallax-speed=\"0.1\" data-animation-delay=400><\/div>[\/vc_column_inner][\/vc_row_inner][\/vc_column][\/vc_row][vc_row kd_background_image_position=&#8221;vc_row-bg-position-top&#8221; css=&#8221;.vc_custom_1638992663711{padding-top: 60px !important;}&#8221;][vc_column width=&#8221;1\/3&#8243; css_mobile=&#8221;.vc_custom_1600787532238{margin-bottom: 50px !important;}&#8221;]<header class=\"kd-section-title col-lg-12 text-left  subtitle-above-title kd-animated fadeIn   vc_custom_1639047552040\" data-animation-delay=200><h2 class=\"separator_off\" >Rekomendowana literatura:<\/h2><\/header>[\/vc_column][vc_column width=&#8221;1\/3&#8243; css_mobile=&#8221;.vc_custom_1600787536658{margin-bottom: 50px !important;}&#8221;]<header class=\"kd-section-title col-lg-12 text-left  subtitle-below-title kd-animated fadeIn   vc_custom_1754896332894\" data-animation-delay=200><h4 class=\"separator_off\" >Po polsku<\/h4><\/header>[vc_column_text]<\/p>\n<ul>\n<li><strong><a href=\"https:\/\/pzwl.pl\/Techniki-maloinwazyjne-w-ginekologii-plastycznej,238954500,p.html\">Techniki ma\u0142oinwazyjne w ginekologii plastycznej<\/a><\/strong><\/li>\n<li><strong><a href=\"https:\/\/www.swiatksiazki.pl\/ginekologia-plastyczna-chirurgia-narzadow-intymnych-kobiety-6371572-ksiazka.html\">Ginekologia plastyczna &#8211; chirurgia n\u0105rzad\u00f3w intymnych kobiety<\/a><\/strong><\/li>\n<\/ul>\n<p>[\/vc_column_text][vc_column_text css_animation=&#8221;fadeInUp&#8221; css=&#8221;.vc_custom_1638992877793{padding-right: 50px !important;}&#8221;]<a href=\"https:\/\/pzwl.pl\/Techniki-maloinwazyjne-w-ginekologii-plastycznej,77989977,p.html\"><img decoding=\"async\" class=\"alignnone wp-image-10571\" style=\"border: 1px solid #ddd;\" src=\"https:\/\/esthegyn.com\/wp-content\/uploads\/2020\/11\/techniki.jpg\" alt=\"\" \/><\/a>[\/vc_column_text][\/vc_column][vc_column width=&#8221;1\/3&#8243; css_tablet_portrait=&#8221;.vc_custom_1600787588733{padding-right: 0px !important;}&#8221;]<header class=\"kd-section-title col-lg-12 text-left  subtitle-below-title kd-animated fadeIn   vc_custom_1754896342645\" data-animation-delay=200><h4 class=\"separator_off\" >Po angielsku<\/h4><\/header>[vc_column_text]<\/p>\n<ul>\n<li><strong><a href=\"https:\/\/www.amazon.pl\/Aesthetic-Gynecology-Rejuvenation-Alexander-Bader\/dp\/0367372908\/ref=sr_1_1?\">Aesthetic Gynecology Rejuvenation<\/a><\/strong><\/li>\n<li><strong><a href=\"https:\/\/www.amazon.pl\/Aesthetic-Functional-Labiaplasty-Stefan-Gress\/dp\/3319868101\/ref=sr_1_1?\">Aesthetic Functional Labiaplasty<\/a><\/strong><\/li>\n<\/ul>\n<p>[\/vc_column_text][vc_column_text css_animation=&#8221;fadeInUp&#8221; css=&#8221;.vc_custom_1638992895960{padding-right: 50px !important;}&#8221;]<a href=\"https:\/\/pzwl.pl\/Ginekologia-plastyczna,73661540,p.html\"><img decoding=\"async\" class=\"alignnone wp-image-10572 size-full\" style=\"border: 1px solid #ddd;\" src=\"https:\/\/esthegyn.com\/wp-content\/uploads\/2020\/11\/ginekologia.jpg\" \/><\/a>[\/vc_column_text][\/vc_column][\/vc_row]<\/p>\n","protected":false},"excerpt":{"rendered":"<p>[vc_row full_width=&#8221;stretch_row&#8221; kd_background_image_position=&#8221;vc_row-bg-position-center&#8221; kd_bottom_separator_style=&#8221;waves&#8221; kd_bottom_separator_height=&#8221;separator-height-large&#8221; kd_bottom_separator=&#8221;true&#8221; css=&#8221;.vc_custom_1749563071064{margin-top: 100px !important;padding-top: 120px !important;padding-bottom: 250px !important;background: #faefed url(https:\/\/esthegyn.com\/expertise\/wp-content\/uploads\/2025\/06\/main.jpg?id=9992) !important;background-position: 0 0 !important;background-repeat: no-repeat [&hellip;]<\/p>\n","protected":false},"author":1,"featured_media":0,"parent":0,"menu_order":0,"comment_status":"closed","ping_status":"closed","template":"","meta":{"footnotes":""},"class_list":["post-7","page","type-page","status-publish","hentry"],"_links":{"self":[{"href":"https:\/\/esthegyn.com\/expertise\/wp-json\/wp\/v2\/pages\/7","targetHints":{"allow":["GET"]}}],"collection":[{"href":"https:\/\/esthegyn.com\/expertise\/wp-json\/wp\/v2\/pages"}],"about":[{"href":"https:\/\/esthegyn.com\/expertise\/wp-json\/wp\/v2\/types\/page"}],"author":[{"embeddable":true,"href":"https:\/\/esthegyn.com\/expertise\/wp-json\/wp\/v2\/users\/1"}],"replies":[{"embeddable":true,"href":"https:\/\/esthegyn.com\/expertise\/wp-json\/wp\/v2\/comments?post=7"}],"version-history":[{"count":113,"href":"https:\/\/esthegyn.com\/expertise\/wp-json\/wp\/v2\/pages\/7\/revisions"}],"predecessor-version":[{"id":10003,"href":"https:\/\/esthegyn.com\/expertise\/wp-json\/wp\/v2\/pages\/7\/revisions\/10003"}],"wp:attachment":[{"href":"https:\/\/esthegyn.com\/expertise\/wp-json\/wp\/v2\/media?parent=7"}],"curies":[{"name":"wp","href":"https:\/\/api.w.org\/{rel}","templated":true}]}}